


















{"id":9899,"date":"2022-03-21T04:34:43","date_gmt":"2022-03-21T03:34:43","guid":{"rendered":"https:\/\/trafikurban-pr.com\/2022\/?page_id=9899"},"modified":"2025-07-03T14:22:36","modified_gmt":"2025-07-03T13:22:36","slug":"departamenti-i-prokurimit","status":"publish","type":"page","link":"https:\/\/trafikurban-pr.com\/2022\/departamenti-i-prokurimit\/","title":{"rendered":"Departamenti i Prokurimit"},"content":{"rendered":"<p>[vc_row kd_background_image_position=&#8221;vc_row-bg-position-top&#8221; css=&#8221;.vc_custom_1598622859521{margin-top: 100px !important;}&#8221;][vc_column width=&#8221;1\/3&#8243; offset=&#8221;vc_col-lg-3 vc_col-md-12 vc_col-xs-12&#8243;][vc_btn title=&#8221;Departamenit i prokurimit&#8221; size=&#8221;lg&#8221; align=&#8221;left&#8221; i_icon_fontawesome=&#8221;fas fa-angle-right&#8221; button_block=&#8221;true&#8221; add_icon=&#8221;true&#8221; link=&#8221;url:https%3A%2F%2Ftrafikurban-pr.com%2F2022%2Fdepartamenti-i-prokurimit%2F|title:Departamenti%20i%20Prokurimit&#8221; el_class=&#8221;menubutton&#8221;][vc_btn title=&#8221;Njoftim p\u00ebr kontrat\u00eb&#8221; size=&#8221;lg&#8221; align=&#8221;left&#8221; i_icon_fontawesome=&#8221;fas fa-angle-right&#8221; button_block=&#8221;true&#8221; add_icon=&#8221;true&#8221; link=&#8221;url:https%3A%2F%2Ftrafikurban-pr.com%2F2022%2Fnjoftim-per-kontrate%2F|title:Njoftim%20p%C3%ABr%20kontrat%C3%AB&#8221; el_class=&#8221;menubutton&#8221;][vc_btn title=&#8221;Njoftim p\u00ebr dh\u00ebnien e kontrat\u00ebs&#8221; size=&#8221;lg&#8221; align=&#8221;left&#8221; i_icon_fontawesome=&#8221;fas fa-angle-right&#8221; button_block=&#8221;true&#8221; add_icon=&#8221;true&#8221; link=&#8221;url:https%3A%2F%2Ftrafikurban-pr.com%2F2022%2Fnjoftim-per-kontrate%2Fnjoftim-per-dhenien-e-kontrates%2F|title:Njoftim%20p%C3%ABr%20dh%C3%ABnien%20e%20kontrat%C3%ABs&#8221; el_class=&#8221;menubutton&#8221;][vc_btn title=&#8221;Njoftim p\u00ebr n\u00ebnshkrimin e kontrat\u00ebs&#8221; size=&#8221;lg&#8221; align=&#8221;left&#8221; i_icon_fontawesome=&#8221;fas fa-angle-right&#8221; button_block=&#8221;true&#8221; add_icon=&#8221;true&#8221; link=&#8221;url:https%3A%2F%2Ftrafikurban-pr.com%2F2022%2Fnjoftim-per-kontrate%2Fnjoftim-per-nenshkrimin-e-kontrates%2F|title:Njoftim%20p%C3%ABr%20n%C3%ABnshkrimin%20e%20kontrat%C3%ABs&#8221; el_class=&#8221;menubutton&#8221;][vc_btn title=&#8221;Njoftim p\u00ebr anulim&#8221; size=&#8221;lg&#8221; align=&#8221;left&#8221; i_icon_fontawesome=&#8221;fas fa-angle-right&#8221; button_block=&#8221;true&#8221; add_icon=&#8221;true&#8221; link=&#8221;url:https%3A%2F%2Ftrafikurban-pr.com%2F2022%2Fnjoftim-per-kontrate%2Fnjoftim-per-anulim%2F|title:Njoftim%20p%C3%ABr%20anulim&#8221; el_class=&#8221;menubutton&#8221;][vc_btn title=&#8221;Kontratat e n\u00ebnshkruara&#8221; size=&#8221;lg&#8221; align=&#8221;left&#8221; i_icon_fontawesome=&#8221;fas fa-angle-right&#8221; button_block=&#8221;true&#8221; add_icon=&#8221;true&#8221; link=&#8221;url:https%3A%2F%2Ftrafikurban-pr.com%2F2022%2Fnjoftim-per-kontrate%2Fkontratat-e-nenshkruara%2F|title:Kontratat%20e%20n%C3%ABnshkruara&#8221; el_class=&#8221;menubutton&#8221;][vc_btn title=&#8221;Planet dhe raportet e prokurimit&#8221; size=&#8221;lg&#8221; align=&#8221;left&#8221; i_icon_fontawesome=&#8221;fas fa-angle-right&#8221; button_block=&#8221;true&#8221; add_icon=&#8221;true&#8221; link=&#8221;url:https%3A%2F%2Ftrafikurban-pr.com%2F2022%2Fnjoftim-per-kontrate%2Fplanet-dhe-raportet-e-prokurimit%2F|title:Planet%20dhe%20raportet%20e%20prokurimit&#8221; el_class=&#8221;menubutton&#8221;][\/vc_column][vc_column width=&#8221;2\/3&#8243; css=&#8221;.vc_custom_1645927436510{margin-bottom: 30px !important;padding-right: 20px !important;padding-left: 0px !important;}&#8221; offset=&#8221;vc_col-lg-9 vc_col-md-12 vc_col-xs-12&#8243; css_tablet_landscape=&#8221;.vc_custom_1645927436510{padding-right: 15px !important;}&#8221; css_tablet_portrait=&#8221;.vc_custom_1645927436510{padding-right: 0px !important;}&#8221; css_mobile=&#8221;.vc_custom_1645927436511{padding-right: 0px !important;}&#8221;][vc_row_inner content_placement=&#8221;middle&#8221; kd_background_image_position=&#8221;vc_row-bg-position-top&#8221; css=&#8221;.vc_custom_1653168815243{padding-top: 15px !important;}&#8221;][vc_column_inner][vc_column_text][\/vc_column_text][\/vc_column_inner][\/vc_row_inner][\/vc_column][\/vc_row]<\/p>\n","protected":false},"excerpt":{"rendered":"<p>[vc_row kd_background_image_position=&#8221;vc_row-bg-position-top&#8221; css=&#8221;.vc_custom_1598622859521{margin-top: 100px !important;}&#8221;][vc_column width=&#8221;1\/3&#8243; offset=&#8221;vc_col-lg-3 vc_col-md-12 vc_col-xs-12&#8243;][vc_btn title=&#8221;Departamenit i prokurimit&#8221; size=&#8221;lg&#8221; align=&#8221;left&#8221; i_icon_fontawesome=&#8221;fas fa-angle-right&#8221; button_block=&#8221;true&#8221; add_icon=&#8221;true&#8221; link=&#8221;url:https%3A%2F%2Ftrafikurban-pr.com%2F2022%2Fdepartamenti-i-prokurimit%2F|title:Departamenti%20i%20Prokurimit&#8221; el_class=&#8221;menubutton&#8221;][vc_btn [&hellip;]<\/p>\n","protected":false},"author":1,"featured_media":0,"parent":0,"menu_order":0,"comment_status":"closed","ping_status":"closed","template":"","meta":{"footnotes":""},"class_list":["post-9899","page","type-page","status-publish","hentry"],"_links":{"self":[{"href":"https:\/\/trafikurban-pr.com\/2022\/wp-json\/wp\/v2\/pages\/9899","targetHints":{"allow":["GET"]}}],"collection":[{"href":"https:\/\/trafikurban-pr.com\/2022\/wp-json\/wp\/v2\/pages"}],"about":[{"href":"https:\/\/trafikurban-pr.com\/2022\/wp-json\/wp\/v2\/types\/page"}],"author":[{"embeddable":true,"href":"https:\/\/trafikurban-pr.com\/2022\/wp-json\/wp\/v2\/users\/1"}],"replies":[{"embeddable":true,"href":"https:\/\/trafikurban-pr.com\/2022\/wp-json\/wp\/v2\/comments?post=9899"}],"version-history":[{"count":4,"href":"https:\/\/trafikurban-pr.com\/2022\/wp-json\/wp\/v2\/pages\/9899\/revisions"}],"predecessor-version":[{"id":10546,"href":"https:\/\/trafikurban-pr.com\/2022\/wp-json\/wp\/v2\/pages\/9899\/revisions\/10546"}],"wp:attachment":[{"href":"https:\/\/trafikurban-pr.com\/2022\/wp-json\/wp\/v2\/media?parent=9899"}],"curies":[{"name":"wp","href":"https:\/\/api.w.org\/{rel}","templated":true}]}}