


















{"id":9692,"date":"2022-02-28T23:28:22","date_gmt":"2022-02-28T23:28:22","guid":{"rendered":"https:\/\/trafikurban-pr.com\/2022\/?page_id=9692"},"modified":"2025-12-26T14:23:18","modified_gmt":"2025-12-26T13:23:18","slug":"njoftimet-e-konkurseve","status":"publish","type":"page","link":"https:\/\/trafikurban-pr.com\/2022\/njoftimet-e-konkurseve\/","title":{"rendered":"Njoftimet e konkurseve"},"content":{"rendered":"<p>[vc_row kd_background_image_position=&#8221;vc_row-bg-position-top&#8221; css=&#8221;.vc_custom_1598622859521{margin-top: 100px !important;}&#8221;][vc_column width=&#8221;1\/3&#8243; offset=&#8221;vc_col-lg-3 vc_col-md-12 vc_col-xs-12&#8243;][vc_btn title=&#8221;Njoftimet e konkursve&#8221; size=&#8221;lg&#8221; align=&#8221;left&#8221; i_icon_fontawesome=&#8221;fas fa-angle-right&#8221; button_block=&#8221;true&#8221; add_icon=&#8221;true&#8221; link=&#8221;url:https%3A%2F%2Ftrafikurban-pr.com%2F2022%2Fnjoftimet-e-konkurseve%2F|title:Njoftimet%20e%20konkurseve&#8221; el_class=&#8221;menubutton&#8221;][vc_btn title=&#8221;Aplikacioni p\u00ebr pun\u00eb&#8221; size=&#8221;lg&#8221; align=&#8221;left&#8221; i_icon_fontawesome=&#8221;fas fa-angle-right&#8221; button_block=&#8221;true&#8221; add_icon=&#8221;true&#8221; link=&#8221;url:https%3A%2F%2Ftrafikurban-pr.com%2F2022%2Fnjoftimet-e-konkurseve%2Faplikacioni-per-pune%2F|title:Aplikacioni%20p%C3%ABr%20pun%C3%AB&#8221; el_class=&#8221;menubutton&#8221;][vc_btn title=&#8221;Deklarata n\u00ebn betim&#8221; size=&#8221;lg&#8221; align=&#8221;left&#8221; i_icon_fontawesome=&#8221;fas fa-angle-right&#8221; button_block=&#8221;true&#8221; add_icon=&#8221;true&#8221; link=&#8221;url:https%3A%2F%2Ftrafikurban-pr.com%2F2022%2Fnjoftimet-e-konkurseve%2Fdeklarata-nen-betim%2F|title:Deklarata%20n%C3%ABn%20betim&#8221; el_class=&#8221;menubutton&#8221;][vc_btn title=&#8221;Lista Kontrolluese&#8221; size=&#8221;lg&#8221; align=&#8221;left&#8221; i_icon_fontawesome=&#8221;fas fa-angle-right&#8221; button_block=&#8221;true&#8221; add_icon=&#8221;true&#8221; link=&#8221;url:https%3A%2F%2Ftrafikurban-pr.com%2F2022%2Fnjoftimet-e-konkurseve%2Flista-kontrolluese%2F|title:Lista%20Kontrolluese&#8221; el_class=&#8221;menubutton&#8221;][\/vc_column][vc_column width=&#8221;2\/3&#8243; css=&#8221;.vc_custom_1645927436510{margin-bottom: 30px !important;padding-right: 20px !important;padding-left: 0px !important;}&#8221; offset=&#8221;vc_col-lg-9 vc_col-md-12 vc_col-xs-12&#8243; css_tablet_landscape=&#8221;.vc_custom_1645927436510{padding-right: 15px !important;}&#8221; css_tablet_portrait=&#8221;.vc_custom_1645927436510{padding-right: 0px !important;}&#8221; css_mobile=&#8221;.vc_custom_1645927436511{padding-right: 0px !important;}&#8221;][vc_column_text]<\/p>\n<p style=\"text-align: center;\"><strong>NJOFTIME \/ VENDIME<\/strong><\/p>\n<p><a href=\"https:\/\/trafikurban-pr.com\/2022\/wp-content\/uploads\/2025\/12\/11.12.2025-Njoftim-Orari-i-Testit-me-Shkrim-5.pdf\">11.12.2025 &#8211; Njoftim &#8211; Orari i Testit me Shkrim<\/a><\/p>\n<p><a href=\"https:\/\/trafikurban-pr.com\/2022\/wp-content\/uploads\/2025\/12\/16.12.2025-Njoftim-Orari-i-Intervistave-me-goje-2.pdf\">16.12.2025 &#8211; Njoftim &#8211; Orari i Intervistave me goj\u00eb<\/a><\/p>\n<p><a href=\"https:\/\/trafikurban-pr.com\/2022\/wp-content\/uploads\/2025\/12\/16.12.2025-Njoftim-Rezultatet-e-testimit-me-shkrim-per-Konkurset-e-Brendshme-te-dates-12.11.2025-1.pdf\">16.12.2025 &#8211; Njoftim &#8211; Rezultatet e testimit me shkrim p\u00ebr Konkurset e Brendshme t\u00eb dat\u00ebs 12.11.2025<\/a><\/p>\n<p><a href=\"https:\/\/trafikurban-pr.com\/2022\/wp-content\/uploads\/2025\/12\/16.12.2025-Njoftim-Rezultatet-e-testimit-me-shkrim-per-Konkurset-e-Jashtme-te-dates-12.11.2025-2.pdf\">16.12.2025 &#8211; Njoftim &#8211; Rezultatet e testimit me shkrim p\u00ebr Konkurset e Jashtme t\u00eb dat\u00ebs 12.11.2025<\/a><\/p>\n<p><a href=\"https:\/\/trafikurban-pr.com\/2022\/wp-content\/uploads\/2025\/12\/18.12.2025-Njoftim-Orari-i-Intervistave-me-goje-1.pdf\">18.12.2025 &#8211; Njoftim &#8211; Orari i Intervistave me goj\u00eb<\/a><\/p>\n<p><a href=\"https:\/\/trafikurban-pr.com\/2022\/wp-content\/uploads\/2025\/12\/18.12.2025-Njoftim-Rezultatet-e-intervistes-me-goje-per-Konkurset-e-Brendshme-te-dates-12.11.2025.pdf\">18.12.2025 &#8211; Njoftim-Rezultatet e intervist\u00ebs me goj\u00eb p\u00ebr Konkurset e Brendshme t\u00eb dat\u00ebs 12.11.2025<\/a><\/p>\n<p><a href=\"https:\/\/trafikurban-pr.com\/2022\/wp-content\/uploads\/2025\/12\/18.12.2025-Njoftim-Rezultatet-e-intervistes-me-goje-per-Konkurset-e-Jashtme-te-dates-12.11.2025.pdf\">18.12.2025 &#8211; Njoftim-Rezultatet e intervist\u00ebs me goj\u00eb p\u00ebr Konkurset e Jashtme t\u00eb dat\u00ebs 12.11.2025<\/a><\/p>\n<p><a href=\"https:\/\/trafikurban-pr.com\/2022\/wp-content\/uploads\/2025\/12\/19.12.2025-Njoftim-Rezultatet-e-intervistes-me-goje-per-Konkurset-e-Brendshme-te-dates-12.11.2025.pdf\">19.12.2025 &#8211; Njoftim-Rezultatet e intervist\u00ebs me goj\u00eb p\u00ebr Konkurset e Brendshme t\u00eb dat\u00ebs 12.11.2025<\/a><\/p>\n<p><a href=\"https:\/\/trafikurban-pr.com\/2022\/wp-content\/uploads\/2025\/12\/19.12.2025-Njoftim-Kandidati-i-perzgjedhur-per-poziten-Zyrtar-i-larte-i-Burimeve-Njerezore-per-konkursin-e-dates-12.11.2025.pdf\">19.12.2025 &#8211; Njoftim &#8211; Kandidati i p\u00ebrzgjedhur p\u00ebr poziten Zyrtar i lart\u00eb i Burimeve Njer\u00ebzore, p\u00ebr konkursin e dat\u00ebs 12.11.2025<\/a><\/p>\n<p><a href=\"https:\/\/trafikurban-pr.com\/2022\/wp-content\/uploads\/2025\/12\/22.12.2025-\u2013-Njoftim-\u2013-Kandidati-i-perzgjedhur-per-poziten-Zyrtar-per-Siguri-dhe-Shendet-ne-Pune-per-konkursin-e-dates-12.11.2025.pdf\">22.12.2025 \u2013 Njoftim \u2013 Kandidati i p\u00ebrzgjedhur p\u00ebr poziten Zyrtar p\u00ebr Siguri dhe Sh\u00ebndet n\u00eb Pun\u00eb, p\u00ebr konkursin e dat\u00ebs 12.11.2025<\/a><\/p>\n<p><a href=\"https:\/\/trafikurban-pr.com\/2022\/wp-content\/uploads\/2025\/12\/22.12.2025-Njoftim-Rezultatet-e-intervistes-me-goje-per-Konkurset-e-Brendshme-te-dates-12.11.2025.pdf\">22.12.2025 &#8211; Njoftim-Rezultatet e intervist\u00ebs me goj\u00eb p\u00ebr Konkurset e Brendshme t\u00eb dat\u00ebs 12.11.2025<\/a><\/p>\n<p><a href=\"https:\/\/trafikurban-pr.com\/2022\/wp-content\/uploads\/2025\/12\/22.12.2025-Njoftim-Rezultatet-e-intervistes-me-goje-per-Konkurset-e-Jashtme-te-dates-12.11.2025.pdf\">22.12.2025 &#8211; Njoftim-Rezultatet e intervist\u00ebs me goj\u00eb p\u00ebr Konkurset e Jashtme t\u00eb dat\u00ebs 12.11.2025<\/a><\/p>\n<p><a href=\"https:\/\/trafikurban-pr.com\/2022\/wp-content\/uploads\/2025\/12\/24.12.2025-Njoftim-Rezultatet-e-intervistes-me-goje-per-Konkurset-e-Jashtme-te-dates-12.11.2025.pdf\">24.12.2025 &#8211; Njoftim &#8211; Rezultatet e intervist\u00ebs me goj\u00eb p\u00ebr Konkurset e Jashtme t\u00eb dat\u00ebs 12.11.2025<\/a><\/p>\n<p><a href=\"https:\/\/trafikurban-pr.com\/2022\/wp-content\/uploads\/2025\/12\/24.12.2025-Njoftim-Rezultatet-e-intervistes-me-goje-per-Konkurset-e-Brendshme-te-dates-12.11.2025.pdf\">24.12.2025 &#8211; Njoftim &#8211; Rezultatet e intervist\u00ebs me goj\u00eb p\u00ebr Konkurset e Brendshme t\u00eb dat\u00ebs 12.11.2025<\/a><\/p>\n<p><a href=\"https:\/\/trafikurban-pr.com\/2022\/wp-content\/uploads\/2025\/12\/24.12.2025-Njoftim-Kandidatet-e-sukseshem-per-Konkurset-e-Brendshme-te-dates-12.11.2025.pdf\">24.12.2025 &#8211; Njoftim &#8211; Kandidat\u00ebt e suksesh\u00ebm p\u00ebr Konkurset e Brendshme t\u00eb dat\u00ebs 12.11.2025<\/a><\/p>\n<p><a href=\"https:\/\/trafikurban-pr.com\/2022\/wp-content\/uploads\/2025\/12\/24.12.2025-Njoftim-Kandidati-i-sukseshem-per-poziten-e-punes-Arkatar-per-Konkursin-e-Jashtem-12.11.2025.pdf\">24.12.2025 &#8211; Njoftim &#8211; Kandidati i suksesh\u00ebm p\u00ebr pozit\u00ebn e pun\u00ebs Arkatar p\u00ebr Konkursin e Jasht\u00ebm 12.11.2025<\/a><\/p>\n<p><a href=\"https:\/\/trafikurban-pr.com\/2022\/wp-content\/uploads\/2025\/12\/26.12.2025-Njoftim-Kandidatet-e-sukseshem-per-Konkurset-e-Jashtme-te-dates-12.11.2025.pdf\">26.12.2025 &#8211; Njoftim &#8211; Kandidat\u00ebt e suksesh\u00ebm p\u00ebr Konkurset e Jashtme t\u00eb dat\u00ebs 12.11.2025<\/a><\/p>\n<p><a href=\"https:\/\/trafikurban-pr.com\/2022\/wp-content\/uploads\/2025\/12\/26.12.2025-Njoftim-Kandidatet-e-sukseshem-per-Konkurset-e-Brendshme-te-dates-12.11.2025.pdf\">26.12.2025 &#8211; Njoftim &#8211; Kandidat\u00ebt e suksesh\u00ebm p\u00ebr Konkurset e Brendshme t\u00eb dat\u00ebs 12.11.2025<\/a>[\/vc_column_text][vc_separator][vc_row_inner content_placement=&#8221;middle&#8221; kd_background_image_position=&#8221;vc_row-bg-position-top&#8221; css=&#8221;.vc_custom_1664756428498{border-bottom-width: 1px !important;padding-top: 15px !important;border-bottom-color: #cccccc !important;}&#8221;][vc_column_inner][vc_column_text][\/vc_column_text][vc_column_text]<\/p>\n<p style=\"text-align: center;\"><strong>KONKURSE<\/strong><\/p>\n<p>&nbsp;[\/vc_column_text][\/vc_column_inner][vc_column_inner][\/vc_column_inner][\/vc_row_inner][\/vc_column][\/vc_row]<\/p>\n","protected":false},"excerpt":{"rendered":"<p>[vc_row kd_background_image_position=&#8221;vc_row-bg-position-top&#8221; css=&#8221;.vc_custom_1598622859521{margin-top: 100px !important;}&#8221;][vc_column width=&#8221;1\/3&#8243; offset=&#8221;vc_col-lg-3 vc_col-md-12 vc_col-xs-12&#8243;][vc_btn title=&#8221;Njoftimet e konkursve&#8221; size=&#8221;lg&#8221; align=&#8221;left&#8221; i_icon_fontawesome=&#8221;fas fa-angle-right&#8221; button_block=&#8221;true&#8221; add_icon=&#8221;true&#8221; link=&#8221;url:https%3A%2F%2Ftrafikurban-pr.com%2F2022%2Fnjoftimet-e-konkurseve%2F|title:Njoftimet%20e%20konkurseve&#8221; el_class=&#8221;menubutton&#8221;][vc_btn [&hellip;]<\/p>\n","protected":false},"author":1,"featured_media":0,"parent":0,"menu_order":0,"comment_status":"closed","ping_status":"closed","template":"","meta":{"footnotes":""},"class_list":["post-9692","page","type-page","status-publish","hentry"],"_links":{"self":[{"href":"https:\/\/trafikurban-pr.com\/2022\/wp-json\/wp\/v2\/pages\/9692","targetHints":{"allow":["GET"]}}],"collection":[{"href":"https:\/\/trafikurban-pr.com\/2022\/wp-json\/wp\/v2\/pages"}],"about":[{"href":"https:\/\/trafikurban-pr.com\/2022\/wp-json\/wp\/v2\/types\/page"}],"author":[{"embeddable":true,"href":"https:\/\/trafikurban-pr.com\/2022\/wp-json\/wp\/v2\/users\/1"}],"replies":[{"embeddable":true,"href":"https:\/\/trafikurban-pr.com\/2022\/wp-json\/wp\/v2\/comments?post=9692"}],"version-history":[{"count":169,"href":"https:\/\/trafikurban-pr.com\/2022\/wp-json\/wp\/v2\/pages\/9692\/revisions"}],"predecessor-version":[{"id":12192,"href":"https:\/\/trafikurban-pr.com\/2022\/wp-json\/wp\/v2\/pages\/9692\/revisions\/12192"}],"wp:attachment":[{"href":"https:\/\/trafikurban-pr.com\/2022\/wp-json\/wp\/v2\/media?parent=9692"}],"curies":[{"name":"wp","href":"https:\/\/api.w.org\/{rel}","templated":true}]}}