


















{"id":9689,"date":"2022-02-28T23:24:43","date_gmt":"2022-02-28T23:24:43","guid":{"rendered":"https:\/\/trafikurban-pr.com\/2022\/?page_id=9689"},"modified":"2026-03-09T08:18:17","modified_gmt":"2026-03-09T07:18:17","slug":"raporte","status":"publish","type":"page","link":"https:\/\/trafikurban-pr.com\/2022\/raporte\/","title":{"rendered":"Raporte"},"content":{"rendered":"<p>[vc_row kd_background_image_position=&#8221;vc_row-bg-position-top&#8221; css=&#8221;.vc_custom_1598622859521{margin-top: 100px !important;}&#8221;][vc_column width=&#8221;1\/3&#8243; offset=&#8221;vc_col-lg-3 vc_col-md-12 vc_col-xs-12&#8243;][vc_btn title=&#8221;Rreth nesh&#8221; size=&#8221;lg&#8221; align=&#8221;left&#8221; i_icon_fontawesome=&#8221;fas fa-angle-right&#8221; button_block=&#8221;true&#8221; add_icon=&#8221;true&#8221; link=&#8221;url:https%3A%2F%2Ftrafikurban-pr.com%2F2022%2Frreth-nesh%2F|title:Rreth%20nesh&#8221; el_class=&#8221;menubutton&#8221;][vc_btn title=&#8221;Organogrami&#8221; size=&#8221;lg&#8221; align=&#8221;left&#8221; i_icon_fontawesome=&#8221;fas fa-angle-right&#8221; button_block=&#8221;true&#8221; add_icon=&#8221;true&#8221; link=&#8221;url:https%3A%2F%2Ftrafikurban-pr.com%2F2022%2Frreth-nesh%2Forganogrami%2F&#8221; el_class=&#8221;menubutton&#8221;][vc_btn title=&#8221;Komisioni komunal i aksionar\u00ebve&#8221; size=&#8221;lg&#8221; align=&#8221;left&#8221; i_icon_fontawesome=&#8221;fas fa-angle-right&#8221; button_block=&#8221;true&#8221; add_icon=&#8221;true&#8221; link=&#8221;url:https%3A%2F%2Ftrafikurban-pr.com%2F2022%2Frreth-nesh%2Fkomisioni-komunal-i-aksionareve%2F|title:Komisioni%20komunal%20i%20aksionar%C3%ABve&#8221; el_class=&#8221;menubutton&#8221;][vc_btn title=&#8221;Bordi Udh\u00ebheq\u00ebs&#8221; size=&#8221;lg&#8221; align=&#8221;left&#8221; i_icon_fontawesome=&#8221;fas fa-angle-right&#8221; button_block=&#8221;true&#8221; add_icon=&#8221;true&#8221; link=&#8221;url:https%3A%2F%2Ftrafikurban-pr.com%2F2022%2Frreth-nesh%2Fbordi-udheheqes%2F|title:Bordi%20Udh%C3%ABheq%C3%ABs&#8221; el_class=&#8221;menubutton&#8221;][vc_btn title=&#8221;Kryeshefi Ekzekutiv&#8221; size=&#8221;lg&#8221; align=&#8221;left&#8221; i_icon_fontawesome=&#8221;fas fa-angle-right&#8221; button_block=&#8221;true&#8221; add_icon=&#8221;true&#8221; link=&#8221;url:https%3A%2F%2Ftrafikurban-pr.com%2F2022%2Frreth-nesh%2Fkryeshefi-ekzekutiv%2F|title:Kryeshefi%20Ekzekutiv&#8221; el_class=&#8221;menubutton&#8221;][vc_btn title=&#8221;Menaxhmenti&#8221; size=&#8221;lg&#8221; align=&#8221;left&#8221; i_icon_fontawesome=&#8221;fas fa-angle-right&#8221; button_block=&#8221;true&#8221; add_icon=&#8221;true&#8221; link=&#8221;url:https%3A%2F%2Ftrafikurban-pr.com%2F2022%2Frreth-nesh%2Fmenaxhmenti%2F|title:Kryeshefi%20Ekzekutiv&#8221; el_class=&#8221;menubutton&#8221;][vc_btn title=&#8221;Rregullore&#8221; size=&#8221;lg&#8221; align=&#8221;left&#8221; i_icon_fontawesome=&#8221;fas fa-angle-right&#8221; button_block=&#8221;true&#8221; add_icon=&#8221;true&#8221; link=&#8221;url:https%3A%2F%2Ftrafikurban-pr.com%2F2022%2Frregullore%2F|title:Raporte&#8221; el_class=&#8221;menubutton&#8221;][vc_btn title=&#8221;Raporte&#8221; size=&#8221;lg&#8221; align=&#8221;left&#8221; i_icon_fontawesome=&#8221;fas fa-angle-right&#8221; button_block=&#8221;true&#8221; add_icon=&#8221;true&#8221; link=&#8221;url:https%3A%2F%2Ftrafikurban-pr.com%2F2022%2Frreth-nesh%2Fraporte%2F|title:Raporte&#8221; el_class=&#8221;menubutton&#8221;][vc_btn title=&#8221;Vendimet Administrative&#8221; size=&#8221;lg&#8221; align=&#8221;left&#8221; i_icon_fontawesome=&#8221;fas fa-angle-right&#8221; button_block=&#8221;true&#8221; add_icon=&#8221;true&#8221; link=&#8221;url:https%3A%2F%2Ftrafikurban-pr.com%2F2022%2Fvendimet-administrative%2F|title:Raporte&#8221; el_class=&#8221;menubutton&#8221;][\/vc_column][vc_column width=&#8221;2\/3&#8243; css=&#8221;.vc_custom_1645927436510{margin-bottom: 30px !important;padding-right: 20px !important;padding-left: 0px !important;}&#8221; offset=&#8221;vc_col-lg-9 vc_col-md-12 vc_col-xs-12&#8243; css_tablet_landscape=&#8221;.vc_custom_1645927436510{padding-right: 15px !important;}&#8221; css_tablet_portrait=&#8221;.vc_custom_1645927436510{padding-right: 0px !important;}&#8221; css_mobile=&#8221;.vc_custom_1645927436511{padding-right: 0px !important;}&#8221;][vc_column_text]<a href=\"https:\/\/trafikurban-pr.com\/2022\/wp-content\/uploads\/2026\/03\/Plani-i-Biznesit-2026.pdf\">Plani i Biznesit 2026<\/a><\/p>\n<p><a href=\"https:\/\/trafikurban-pr.com\/2022\/wp-content\/uploads\/2026\/03\/Trafik-Urban-Raporti-Vjetor-2025.pdf\">Trafik Urban &#8211; Raporti Vjetor 2025<\/a><\/p>\n<p><a href=\"https:\/\/trafikurban-pr.com\/2022\/wp-content\/uploads\/2025\/05\/Raport-i-Shpenzimeve-te-Parase-Publike-TM1-2025.pdf\">Raport i Shpenzimeve t\u00eb Paras\u00eb Publike TM1 2025<\/a><\/p>\n<p><a href=\"https:\/\/trafikurban-pr.com\/2022\/wp-content\/uploads\/2025\/12\/Raport-i-Shpenzimeve-te-Parase-Publike-TM2-2025.pdf\">Raport i Shpenzimeve t\u00eb Paras\u00eb Publike TM2 2025<\/a><\/p>\n<p><a href=\"https:\/\/trafikurban-pr.com\/2022\/wp-content\/uploads\/2025\/12\/Raport-i-Shpenzimeve-te-Parase-Publike-TM3-2025.pdf\">Raport i Shpenzimeve t\u00eb Paras\u00eb Publike TM3 2025<\/a><\/p>\n<p><a href=\"https:\/\/trafikurban-pr.com\/2022\/wp-content\/uploads\/2026\/03\/Raport-i-Shpenzimeve-te-Parase-Publike-TM4-2025.pdf\">Raport i Shpenzimeve t\u00eb Paras\u00eb Publike TM4 2025<\/a><\/p>\n<p><a href=\"https:\/\/trafikurban-pr.com\/2022\/wp-content\/uploads\/2025\/05\/Raport-i-auditimit-te-Jashtem-2024.pdf\">Raport i auditimit t\u00eb Jashte\u0308m 2024<\/a><\/p>\n<p><a href=\"https:\/\/trafikurban-pr.com\/2022\/wp-content\/uploads\/2025\/04\/Trafik-Urban-\u2013-Raporti-Vjetor-2024.pdf\">Trafik Urban \u2013 Raporti Vjetor 2024<\/a><\/p>\n<p><a href=\"https:\/\/trafikurban-pr.com\/2022\/wp-content\/uploads\/2024\/11\/Plani-i-Biznesit-2025.pdf\">Plani i Biznesit 2025<\/a><\/p>\n<p><a href=\"https:\/\/trafikurban-pr.com\/2022\/wp-content\/uploads\/2024\/03\/Trafik-Urban-\u2013-Raporti-Vjetor-2023.pdf\" target=\"_blank\" rel=\"noopener\">Trafik Urban \u2013 Raporti Vjetor 2023<\/a><\/p>\n<p><a href=\"https:\/\/trafikurban-pr.com\/2022\/wp-content\/uploads\/2024\/02\/Plani-i-Biznesit-2024-2026.pdf\" target=\"_blank\" rel=\"noopener\">Plani i Biznesit 2024-2026<\/a><\/p>\n<p><a href=\"https:\/\/trafikurban-pr.com\/2022\/wp-content\/uploads\/2022\/12\/Statuti-i-Ndermarjes-Publike-Komunale-Trafiku-Urban.pdf\" target=\"_blank\" rel=\"noopener\">Statuti i Nd\u00ebrmarjes Publike Komunale &#8211; Trafiku Urban<\/a><\/p>\n<p><a href=\"https:\/\/trafikurban-pr.com\/2022\/wp-content\/uploads\/2023\/04\/Trafik-Urban-\u2013-Raporti-Vjetor-2022.pdf\" target=\"_blank\" rel=\"noopener\">Trafik Urban \u2013 Raporti Vjetor 2022<\/a><\/p>\n<p><a href=\"https:\/\/trafikurban-pr.com\/2022\/wp-content\/uploads\/2025\/03\/Raport-i-auditimit-te-Jashtem-2023.pdf\">Raport i auditimit t\u00eb Jashte\u0308m 2023<\/a><\/p>\n<p><a href=\"https:\/\/trafikurban-pr.com\/2022\/wp-content\/uploads\/2023\/05\/Raport-i-auditimit-te-Jashtem-2022.pdf\" target=\"_blank\" rel=\"noopener\">Raport i auditimit t\u00eb Jashte\u0308m 2022<\/a><\/p>\n<p><a href=\"https:\/\/trafikurban-pr.com\/2022\/wp-content\/uploads\/2025\/04\/Raporti-i-hulumtimit-te-kenaqshmerise-se-konsumatoreve.pdf\">Raporti i hulumtimit t\u00eb k\u00ebnaqshm\u00ebris\u00eb s\u00eb konsumator\u00ebve<\/a><\/p>\n<p><a href=\"https:\/\/trafikurban-pr.com\/2022\/wp-content\/uploads\/2025\/04\/Raport-per-matjen-e-kenaqshmerise-se-Konsumatorit-2023.pdf\">Raport p\u00ebr matjen e k\u00ebnaqshm\u00ebris\u00eb s\u00eb Konsumatorit &#8211; 2023<\/a>[\/vc_column_text][\/vc_column][\/vc_row]<\/p>\n","protected":false},"excerpt":{"rendered":"<p>[vc_row kd_background_image_position=&#8221;vc_row-bg-position-top&#8221; css=&#8221;.vc_custom_1598622859521{margin-top: 100px !important;}&#8221;][vc_column width=&#8221;1\/3&#8243; offset=&#8221;vc_col-lg-3 vc_col-md-12 vc_col-xs-12&#8243;][vc_btn title=&#8221;Rreth nesh&#8221; size=&#8221;lg&#8221; align=&#8221;left&#8221; i_icon_fontawesome=&#8221;fas fa-angle-right&#8221; button_block=&#8221;true&#8221; add_icon=&#8221;true&#8221; link=&#8221;url:https%3A%2F%2Ftrafikurban-pr.com%2F2022%2Frreth-nesh%2F|title:Rreth%20nesh&#8221; el_class=&#8221;menubutton&#8221;][vc_btn title=&#8221;Organogrami&#8221; [&hellip;]<\/p>\n","protected":false},"author":1,"featured_media":0,"parent":0,"menu_order":0,"comment_status":"closed","ping_status":"closed","template":"","meta":{"footnotes":""},"class_list":["post-9689","page","type-page","status-publish","hentry"],"_links":{"self":[{"href":"https:\/\/trafikurban-pr.com\/2022\/wp-json\/wp\/v2\/pages\/9689","targetHints":{"allow":["GET"]}}],"collection":[{"href":"https:\/\/trafikurban-pr.com\/2022\/wp-json\/wp\/v2\/pages"}],"about":[{"href":"https:\/\/trafikurban-pr.com\/2022\/wp-json\/wp\/v2\/types\/page"}],"author":[{"embeddable":true,"href":"https:\/\/trafikurban-pr.com\/2022\/wp-json\/wp\/v2\/users\/1"}],"replies":[{"embeddable":true,"href":"https:\/\/trafikurban-pr.com\/2022\/wp-json\/wp\/v2\/comments?post=9689"}],"version-history":[{"count":40,"href":"https:\/\/trafikurban-pr.com\/2022\/wp-json\/wp\/v2\/pages\/9689\/revisions"}],"predecessor-version":[{"id":12269,"href":"https:\/\/trafikurban-pr.com\/2022\/wp-json\/wp\/v2\/pages\/9689\/revisions\/12269"}],"wp:attachment":[{"href":"https:\/\/trafikurban-pr.com\/2022\/wp-json\/wp\/v2\/media?parent=9689"}],"curies":[{"name":"wp","href":"https:\/\/api.w.org\/{rel}","templated":true}]}}