


















{"id":9650,"date":"2022-02-28T23:19:19","date_gmt":"2022-02-28T23:19:19","guid":{"rendered":"https:\/\/trafikurban-pr.com\/2022\/?page_id=9650"},"modified":"2025-05-13T10:01:56","modified_gmt":"2025-05-13T09:01:56","slug":"bordi-udheheqes","status":"publish","type":"page","link":"https:\/\/trafikurban-pr.com\/2022\/rreth-nesh\/bordi-udheheqes\/","title":{"rendered":"Bordi Udh\u00ebheq\u00ebs"},"content":{"rendered":"<p>[vc_row kd_background_image_position=&#8221;vc_row-bg-position-top&#8221; css=&#8221;.vc_custom_1598622859521{margin-top: 100px !important;}&#8221;][vc_column width=&#8221;1\/3&#8243; offset=&#8221;vc_col-lg-3 vc_col-md-12 vc_col-xs-12&#8243;][vc_btn title=&#8221;Rreth nesh&#8221; size=&#8221;lg&#8221; align=&#8221;left&#8221; i_icon_fontawesome=&#8221;fas fa-angle-right&#8221; button_block=&#8221;true&#8221; add_icon=&#8221;true&#8221; link=&#8221;url:https%3A%2F%2Ftrafikurban-pr.com%2F2022%2Frreth-nesh%2F|title:Rreth%20nesh&#8221; el_class=&#8221;menubutton&#8221;][vc_btn title=&#8221;Organogrami&#8221; size=&#8221;lg&#8221; align=&#8221;left&#8221; i_icon_fontawesome=&#8221;fas fa-angle-right&#8221; button_block=&#8221;true&#8221; add_icon=&#8221;true&#8221; link=&#8221;url:https%3A%2F%2Ftrafikurban-pr.com%2F2022%2Frreth-nesh%2Forganogrami%2F&#8221; el_class=&#8221;menubutton&#8221;][vc_btn title=&#8221;Komisioni komunal i aksionar\u00ebve&#8221; size=&#8221;lg&#8221; align=&#8221;left&#8221; i_icon_fontawesome=&#8221;fas fa-angle-right&#8221; button_block=&#8221;true&#8221; add_icon=&#8221;true&#8221; link=&#8221;url:https%3A%2F%2Ftrafikurban-pr.com%2F2022%2Frreth-nesh%2Fkomisioni-komunal-i-aksionareve%2F|title:Komisioni%20komunal%20i%20aksionar%C3%ABve&#8221; el_class=&#8221;menubutton&#8221;][vc_btn title=&#8221;Bordi Udh\u00ebheq\u00ebs&#8221; size=&#8221;lg&#8221; align=&#8221;left&#8221; i_icon_fontawesome=&#8221;fas fa-angle-right&#8221; button_block=&#8221;true&#8221; add_icon=&#8221;true&#8221; link=&#8221;url:https%3A%2F%2Ftrafikurban-pr.com%2F2022%2Frreth-nesh%2Fbordi-udheheqes%2F|title:Bordi%20Udh%C3%ABheq%C3%ABs&#8221; el_class=&#8221;menubutton&#8221;][vc_btn title=&#8221;Kryeshefi Ekzekutiv&#8221; size=&#8221;lg&#8221; align=&#8221;left&#8221; i_icon_fontawesome=&#8221;fas fa-angle-right&#8221; button_block=&#8221;true&#8221; add_icon=&#8221;true&#8221; link=&#8221;url:https%3A%2F%2Ftrafikurban-pr.com%2F2022%2Frreth-nesh%2Fkryeshefi-ekzekutiv%2F|title:Kryeshefi%20Ekzekutiv&#8221; el_class=&#8221;menubutton&#8221;][vc_btn title=&#8221;Menaxhmenti&#8221; size=&#8221;lg&#8221; align=&#8221;left&#8221; i_icon_fontawesome=&#8221;fas fa-angle-right&#8221; button_block=&#8221;true&#8221; add_icon=&#8221;true&#8221; link=&#8221;url:https%3A%2F%2Ftrafikurban-pr.com%2F2022%2Frreth-nesh%2Fmenaxhmenti%2F|title:Kryeshefi%20Ekzekutiv&#8221; el_class=&#8221;menubutton&#8221;][vc_btn title=&#8221;Rregullore&#8221; size=&#8221;lg&#8221; align=&#8221;left&#8221; i_icon_fontawesome=&#8221;fas fa-angle-right&#8221; button_block=&#8221;true&#8221; add_icon=&#8221;true&#8221; link=&#8221;url:https%3A%2F%2Ftrafikurban-pr.com%2F2022%2Frregullore%2F|title:Raporte&#8221; el_class=&#8221;menubutton&#8221;][vc_btn title=&#8221;Raporte&#8221; size=&#8221;lg&#8221; align=&#8221;left&#8221; i_icon_fontawesome=&#8221;fas fa-angle-right&#8221; button_block=&#8221;true&#8221; add_icon=&#8221;true&#8221; link=&#8221;url:https%3A%2F%2Ftrafikurban-pr.com%2F2022%2Frreth-nesh%2Fraporte%2F|title:Raporte&#8221; el_class=&#8221;menubutton&#8221;][vc_btn title=&#8221;Vendimet Administrative&#8221; size=&#8221;lg&#8221; align=&#8221;left&#8221; i_icon_fontawesome=&#8221;fas fa-angle-right&#8221; button_block=&#8221;true&#8221; add_icon=&#8221;true&#8221; link=&#8221;url:https%3A%2F%2Ftrafikurban-pr.com%2F2022%2Fvendimet-administrative%2F|title:Raporte&#8221; el_class=&#8221;menubutton&#8221;][\/vc_column][vc_column width=&#8221;2\/3&#8243; css=&#8221;.vc_custom_1645927436510{margin-bottom: 30px !important;padding-right: 20px !important;padding-left: 0px !important;}&#8221; offset=&#8221;vc_col-lg-9 vc_col-md-12 vc_col-xs-12&#8243; css_tablet_landscape=&#8221;.vc_custom_1645927436510{padding-right: 15px !important;}&#8221; css_tablet_portrait=&#8221;.vc_custom_1645927436510{padding-right: 0px !important;}&#8221; css_mobile=&#8221;.vc_custom_1645927436511{padding-right: 0px !important;}&#8221;][vc_column_text][\/vc_column_text][vc_column_text][\/vc_column_text][vc_column_text]<\/p>\n<h3><strong>Bordi i Drejtor\u00ebve n\u00eb NPK &#8220;Trafiku Urban&#8221;<\/strong><\/h3>\n<p>&nbsp;[\/vc_column_text]\r\r\n                <div class=\"team-carousel tc-parent three-elem-team kd-teamc-69e5e2e949772 black-navigation loop_off\">\r\r\n                    <div class=\"tc-content\" data-vc-items=\"3\"><div class=\"team-member design-classic  socials-disabled\" >\r\r\n                    <div class=\"team-content\">\r\r\n                        <div class=\"team-image-overlay\"><\/div>\r\r\n                        <div class=\"team-image\"><a href=\"https:\/\/trafikurban-pr.com\/2022\/rreth-nesh\/bordi-udheheqes\/ylber-citaku\" target=\"\"><img loading=\"lazy\" decoding=\"async\" width=\"1205\" height=\"1205\" src=\"https:\/\/trafikurban-pr.com\/2022\/wp-content\/uploads\/2024\/08\/DSC_7991.jpg\" class=\"attachment-full\" alt=\"\" title=\"DSC_7991\" srcset=\"https:\/\/trafikurban-pr.com\/2022\/wp-content\/uploads\/2024\/08\/DSC_7991.jpg 1205w, https:\/\/trafikurban-pr.com\/2022\/wp-content\/uploads\/2024\/08\/DSC_7991-300x300.jpg 300w, https:\/\/trafikurban-pr.com\/2022\/wp-content\/uploads\/2024\/08\/DSC_7991-1024x1024.jpg 1024w, https:\/\/trafikurban-pr.com\/2022\/wp-content\/uploads\/2024\/08\/DSC_7991-150x150.jpg 150w, https:\/\/trafikurban-pr.com\/2022\/wp-content\/uploads\/2024\/08\/DSC_7991-768x768.jpg 768w, https:\/\/trafikurban-pr.com\/2022\/wp-content\/uploads\/2024\/08\/DSC_7991-320x320.jpg 320w\" sizes=\"auto, (max-width: 1205px) 100vw, 1205px\" \/><\/a><\/div>\r\r\n                        <div class=\"team-content-text\" >\r\r\n                        <div class=\"team-content-text-inner\">\r\r\n                        <h5 >Ylber \u00c7itaku<\/h5>\r\r\n                        <span class=\"team-subtitle\" >Kryesues i Bordit t\u00eb Drejtor\u00ebve<\/span>\r\r\n                        <p ><\/p><p class=\"team-link\"><a href=\"https:\/\/trafikurban-pr.com\/2022\/rreth-nesh\/bordi-udheheqes\/ylber-citaku\" target=\"\">Shiko m\u00eb shum\u00eb<\/a><\/p><\/div><\/div>\r\r\n                    <\/div>\r\r\n                <\/div><div class=\"team-member design-classic  socials-disabled\" >\r\r\n                    <div class=\"team-content\">\r\r\n                        <div class=\"team-image-overlay\"><\/div>\r\r\n                        <div class=\"team-image\"><a href=\"https:\/\/trafikurban-pr.com\/2022\/rreth-nesh\/bordi-udheheqes\/sami-miftari\" target=\"\"><img decoding=\"async\" src=\"https:\/\/trafikurban-pr.com\/2022\/wp-content\/plugins\/js_composer\/assets\/vc\/no_image.png\" alt=\"\" class=\"vc_img-placeholder\" \/><\/a><\/div>\r\r\n                        <div class=\"team-content-text\" >\r\r\n                        <div class=\"team-content-text-inner\">\r\r\n                        <h5 >Sami Miftari<\/h5>\r\r\n                        <span class=\"team-subtitle\" >An\u00ebtar i Bordit t\u00eb Drejtor\u00ebve<\/span>\r\r\n                        <p ><\/p><p class=\"team-link\"><a href=\"https:\/\/trafikurban-pr.com\/2022\/rreth-nesh\/bordi-udheheqes\/sami-miftari\" target=\"\">Shiko m\u00eb shum\u00eb<\/a><\/p><\/div><\/div>\r\r\n                    <\/div>\r\r\n                <\/div><div class=\"team-member design-classic  socials-disabled\" >\r\r\n                    <div class=\"team-content\">\r\r\n                        <div class=\"team-image-overlay\"><\/div>\r\r\n                        <div class=\"team-image\"><a href=\"https:\/\/trafikurban-pr.com\/2022\/rreth-nesh\/bordi-udheheqes\/njomza-ismajli\" target=\"\"><img loading=\"lazy\" decoding=\"async\" width=\"2560\" height=\"2560\" src=\"https:\/\/trafikurban-pr.com\/2022\/wp-content\/uploads\/2025\/05\/Njomza-Hoxha-Ismaili-scaled.jpg\" class=\"attachment-full\" alt=\"\" title=\"Njomza Hoxha Ismaili\" srcset=\"https:\/\/trafikurban-pr.com\/2022\/wp-content\/uploads\/2025\/05\/Njomza-Hoxha-Ismaili-scaled.jpg 2560w, https:\/\/trafikurban-pr.com\/2022\/wp-content\/uploads\/2025\/05\/Njomza-Hoxha-Ismaili-300x300.jpg 300w, https:\/\/trafikurban-pr.com\/2022\/wp-content\/uploads\/2025\/05\/Njomza-Hoxha-Ismaili-1024x1024.jpg 1024w, https:\/\/trafikurban-pr.com\/2022\/wp-content\/uploads\/2025\/05\/Njomza-Hoxha-Ismaili-150x150.jpg 150w, https:\/\/trafikurban-pr.com\/2022\/wp-content\/uploads\/2025\/05\/Njomza-Hoxha-Ismaili-768x768.jpg 768w, https:\/\/trafikurban-pr.com\/2022\/wp-content\/uploads\/2025\/05\/Njomza-Hoxha-Ismaili-1536x1536.jpg 1536w, https:\/\/trafikurban-pr.com\/2022\/wp-content\/uploads\/2025\/05\/Njomza-Hoxha-Ismaili-2048x2048.jpg 2048w, https:\/\/trafikurban-pr.com\/2022\/wp-content\/uploads\/2025\/05\/Njomza-Hoxha-Ismaili-320x320.jpg 320w\" sizes=\"auto, (max-width: 2560px) 100vw, 2560px\" \/><\/a><\/div>\r\r\n                        <div class=\"team-content-text\" >\r\r\n                        <div class=\"team-content-text-inner\">\r\r\n                        <h5 >Njomza Ismajli<\/h5>\r\r\n                        <span class=\"team-subtitle\" >An\u00ebtare e Bordit t\u00eb Drejtor\u00ebve<\/span>\r\r\n                        <p ><\/p><p class=\"team-link\"><a href=\"https:\/\/trafikurban-pr.com\/2022\/rreth-nesh\/bordi-udheheqes\/njomza-ismajli\" target=\"\">Shiko m\u00eb shum\u00eb<\/a><\/p><\/div><\/div>\r\r\n                    <\/div>\r\r\n                <\/div><\/div>\r\r\n                <\/div><script>\r\r\n                  jQuery(document).ready(function($){\r\r\n                    if ($(\".team-carousel.kd-teamc-69e5e2e949772 .tc-content\").length) {\r\r\n                      $(\".team-carousel.kd-teamc-69e5e2e949772 .tc-content\").owlCarousel({\r\r\n                        stageClass: \"owl-wrapper\",\r\r\n                        stageOuterClass: \"owl-wrapper-outer\",\r\r\n                        loadedClass: \"owl-carousel\",\r\r\n                        responsive:{\r\r\n                            0:{\r\r\n                                items:1,\r\r\n                            },\r\r\n                            768:{\r\r\n                                items:2,\r\r\n                            },\r\r\n                            1199:{\r\r\n                                items:3,\r\r\n                            },\r\r\n                            1366:{\r\r\n                                items: 3,\r\r\n                            }\r\r\n                        },\r\r\n                        slideBy: 1,\r\r\n                        nav: true,\r\r\n                        navSpeed: 500,\r\r\n                        dots: false,loop: false, margin: 1,\r\r\n                        addClassActive: true,\r\r\n                      });\r\r\n                    }\r\r\n                  });\r\r\n          \t\t\t<\/script>[\/vc_column][\/vc_row][vc_row kd_background_image_position=&#8221;vc_row-bg-position-top&#8221;][vc_column][\/vc_column][\/vc_row]<\/p>\n","protected":false},"excerpt":{"rendered":"<p>[vc_row kd_background_image_position=&#8221;vc_row-bg-position-top&#8221; css=&#8221;.vc_custom_1598622859521{margin-top: 100px !important;}&#8221;][vc_column width=&#8221;1\/3&#8243; offset=&#8221;vc_col-lg-3 vc_col-md-12 vc_col-xs-12&#8243;][vc_btn title=&#8221;Rreth nesh&#8221; size=&#8221;lg&#8221; align=&#8221;left&#8221; i_icon_fontawesome=&#8221;fas fa-angle-right&#8221; button_block=&#8221;true&#8221; add_icon=&#8221;true&#8221; link=&#8221;url:https%3A%2F%2Ftrafikurban-pr.com%2F2022%2Frreth-nesh%2F|title:Rreth%20nesh&#8221; el_class=&#8221;menubutton&#8221;][vc_btn title=&#8221;Organogrami&#8221; [&hellip;]<\/p>\n","protected":false},"author":1,"featured_media":0,"parent":9610,"menu_order":0,"comment_status":"closed","ping_status":"closed","template":"","meta":{"footnotes":""},"class_list":["post-9650","page","type-page","status-publish","hentry"],"_links":{"self":[{"href":"https:\/\/trafikurban-pr.com\/2022\/wp-json\/wp\/v2\/pages\/9650","targetHints":{"allow":["GET"]}}],"collection":[{"href":"https:\/\/trafikurban-pr.com\/2022\/wp-json\/wp\/v2\/pages"}],"about":[{"href":"https:\/\/trafikurban-pr.com\/2022\/wp-json\/wp\/v2\/types\/page"}],"author":[{"embeddable":true,"href":"https:\/\/trafikurban-pr.com\/2022\/wp-json\/wp\/v2\/users\/1"}],"replies":[{"embeddable":true,"href":"https:\/\/trafikurban-pr.com\/2022\/wp-json\/wp\/v2\/comments?post=9650"}],"version-history":[{"count":24,"href":"https:\/\/trafikurban-pr.com\/2022\/wp-json\/wp\/v2\/pages\/9650\/revisions"}],"predecessor-version":[{"id":11682,"href":"https:\/\/trafikurban-pr.com\/2022\/wp-json\/wp\/v2\/pages\/9650\/revisions\/11682"}],"up":[{"embeddable":true,"href":"https:\/\/trafikurban-pr.com\/2022\/wp-json\/wp\/v2\/pages\/9610"}],"wp:attachment":[{"href":"https:\/\/trafikurban-pr.com\/2022\/wp-json\/wp\/v2\/media?parent=9650"}],"curies":[{"name":"wp","href":"https:\/\/api.w.org\/{rel}","templated":true}]}}