


















{"id":5720,"date":"2018-10-22T13:45:00","date_gmt":"2018-10-22T13:45:00","guid":{"rendered":"https:\/\/www.ekko-wp.com\/?page_id=5720"},"modified":"2022-04-28T01:57:12","modified_gmt":"2022-04-28T00:57:12","slug":"ebus","status":"publish","type":"page","link":"https:\/\/trafikurban-pr.com\/2022\/ebus\/","title":{"rendered":"Aplikacioni p\u00ebr lokalizim t\u00eb autobus\u00ebve"},"content":{"rendered":"<p>[vc_row kd_background_image_position=&#8221;vc_row-bg-position-top&#8221;][vc_column][vc_row_inner kd_background_image_position=&#8221;vc_row-bg-position-top&#8221; css=&#8221;.vc_custom_1647571532139{padding-top: 120px !important;padding-bottom: 110px !important;}&#8221;][vc_column_inner width=&#8221;2\/3&#8243;][vc_column_text]<\/p>\n<h2>E-Bus &#8211; Aplikacion p\u00ebr lokalizim t\u00eb autobus\u00ebve<\/h2>\n<p>[\/vc_column_text][vc_zigzag el_border_width=&#8221;8&#8243;][vc_column_text]<\/p>\n<h3>T\u00eb nderuar qytetar\u00eb<\/h3>\n<p>Komuna e Prishtin\u00ebs e ka ofruar p\u00ebr shfryt\u00ebzim aplikacionin mobil p\u00ebrmes t\u00eb cilit mund t\u00eb lokalizoni autobus\u00ebt dhe stacionet af\u00ebr vend-ndodhjes tuaj.<\/p>\n<p>Aplikacioni shkarkohet leht\u00eb, i thjesht\u00eb p\u00ebr p\u00ebrdorim dhe efektiv.<\/p>\n<p>Pyetjet e zakonshme:<\/p>\n<ul>\n<li><strong>Si t\u00eb shkarkojm\u00eb aplikacionin?<\/strong><br \/>\nAplikacionin mund ta shkarkoni duke klikuar mbi\u00a0\u00a0<strong><a href=\"https:\/\/play.google.com\/store\/apps\/details?id=es.appbit.prishtinabuses&amp;hl=en\">Play Store<\/a><\/strong>\u00a0apo\u00a0<strong><a href=\"https:\/\/itunes.apple.com\/us\/app\/trafiku-urban\/id1192711894?mt=8\">App Store<\/a><\/strong>, var\u00ebsisht se \u00e7far\u00eb telefoni mobil posedoni.<\/li>\n<li><strong>\u00c7far\u00eb paraqesin ngjyrat e autobus\u00ebve q\u00eb shfaqen me hapje te aplikacionit?<\/strong><br \/>\nAutobus\u00ebt me ngjyr\u00eb t\u00eb verdh\u00eb jan\u00eb n\u00eb Linj\u00ebn 1, me ngjyr\u00ebn e gjelb\u00ebr jan\u00eb t\u00eb Linjes 3, kurse me ngjyre t\u00eb kalt\u00ebr jan\u00eb t\u00eb Linj\u00ebs 4.<\/li>\n<\/ul>\n<p><strong>Sqarim<\/strong>:\u00a0gjat\u00eb \u2018\u2019lundrimit\u2019\u2019 n\u00eb hart\u00ebn e aplikacionit, n\u00ebse klikoni mbi ikonen e autobusit do t\u00eb shfaqet\u00a0<strong>rrug\u00ebtimi<\/strong>\u00a0apo relacioni i nj\u00ebr\u00ebs nga tri linjat e qarkullimit t\u00eb autobus\u00ebve t\u00eb N.P.K. TRAFIKU URBAN, Prishtin\u00eb.[\/vc_column_text][\/vc_column_inner][vc_column_inner width=&#8221;1\/3&#8243;][vc_single_image image=&#8221;9791&#8243; img_size=&#8221;full&#8221; alignment=&#8221;right&#8221;][vc_column_text]<a href=\"https:\/\/itunes.apple.com\/us\/app\/trafiku-urban\/id1192711894?mt=8\" target=\"_blank\" rel=\"noopener\"><img loading=\"lazy\" decoding=\"async\" class=\"wp-image-9792 size-full alignnone\" src=\"https:\/\/trafikurban-pr.com\/2022\/wp-content\/uploads\/2022\/03\/ios-e1647571761340.png\" alt=\"\" width=\"150\" height=\"58\" \/><\/a><a href=\"https:\/\/play.google.com\/store\/apps\/details?id=es.appbit.prishtinabuses&amp;hl=en\" target=\"_blank\" rel=\"noopener\"><img loading=\"lazy\" decoding=\"async\" class=\"wp-image-9790 size-full alignnone\" src=\"https:\/\/trafikurban-pr.com\/2022\/wp-content\/uploads\/2022\/03\/android-e1647571788412.png\" alt=\"\" width=\"150\" height=\"58\" \/><\/a>[\/vc_column_text][\/vc_column_inner][\/vc_row_inner][\/vc_column][\/vc_row]<\/p>\n","protected":false},"excerpt":{"rendered":"<p>[vc_row kd_background_image_position=&#8221;vc_row-bg-position-top&#8221;][vc_column][vc_row_inner kd_background_image_position=&#8221;vc_row-bg-position-top&#8221; css=&#8221;.vc_custom_1647571532139{padding-top: 120px !important;padding-bottom: 110px !important;}&#8221;][vc_column_inner width=&#8221;2\/3&#8243;][vc_column_text] E-Bus &#8211; Aplikacion p\u00ebr lokalizim t\u00eb autobus\u00ebve [\/vc_column_text][vc_zigzag el_border_width=&#8221;8&#8243;][vc_column_text] T\u00eb nderuar [&hellip;]<\/p>\n","protected":false},"author":1,"featured_media":0,"parent":0,"menu_order":0,"comment_status":"closed","ping_status":"closed","template":"","meta":{"footnotes":""},"class_list":["post-5720","page","type-page","status-publish","hentry"],"_links":{"self":[{"href":"https:\/\/trafikurban-pr.com\/2022\/wp-json\/wp\/v2\/pages\/5720","targetHints":{"allow":["GET"]}}],"collection":[{"href":"https:\/\/trafikurban-pr.com\/2022\/wp-json\/wp\/v2\/pages"}],"about":[{"href":"https:\/\/trafikurban-pr.com\/2022\/wp-json\/wp\/v2\/types\/page"}],"author":[{"embeddable":true,"href":"https:\/\/trafikurban-pr.com\/2022\/wp-json\/wp\/v2\/users\/1"}],"replies":[{"embeddable":true,"href":"https:\/\/trafikurban-pr.com\/2022\/wp-json\/wp\/v2\/comments?post=5720"}],"version-history":[{"count":1,"href":"https:\/\/trafikurban-pr.com\/2022\/wp-json\/wp\/v2\/pages\/5720\/revisions"}],"predecessor-version":[{"id":9963,"href":"https:\/\/trafikurban-pr.com\/2022\/wp-json\/wp\/v2\/pages\/5720\/revisions\/9963"}],"wp:attachment":[{"href":"https:\/\/trafikurban-pr.com\/2022\/wp-json\/wp\/v2\/media?parent=5720"}],"curies":[{"name":"wp","href":"https:\/\/api.w.org\/{rel}","templated":true}]}}