


















{"id":11614,"date":"2025-04-12T11:24:53","date_gmt":"2025-04-12T10:24:53","guid":{"rendered":"https:\/\/trafikurban-pr.com\/2022\/?page_id=11614"},"modified":"2025-05-13T09:47:57","modified_gmt":"2025-05-13T08:47:57","slug":"njomza-ismajli","status":"publish","type":"page","link":"https:\/\/trafikurban-pr.com\/2022\/rreth-nesh\/bordi-udheheqes\/njomza-ismajli\/","title":{"rendered":"Njomza Ismajli"},"content":{"rendered":"<p>[vc_row kd_background_image_position=&#8221;vc_row-bg-position-top&#8221; css=&#8221;.vc_custom_1598622859521{margin-top: 100px !important;}&#8221;][vc_column width=&#8221;1\/3&#8243; offset=&#8221;vc_col-lg-3 vc_col-md-12 vc_col-xs-12&#8243;][vc_btn title=&#8221;Rreth nesh&#8221; size=&#8221;lg&#8221; align=&#8221;left&#8221; i_icon_fontawesome=&#8221;fas fa-angle-right&#8221; button_block=&#8221;true&#8221; add_icon=&#8221;true&#8221; link=&#8221;url:https%3A%2F%2Ftrafikurban-pr.com%2F2022%2Frreth-nesh%2F|title:Rreth%20nesh&#8221; el_class=&#8221;menubutton&#8221;][vc_btn title=&#8221;Organogrami&#8221; size=&#8221;lg&#8221; align=&#8221;left&#8221; i_icon_fontawesome=&#8221;fas fa-angle-right&#8221; button_block=&#8221;true&#8221; add_icon=&#8221;true&#8221; link=&#8221;url:https%3A%2F%2Ftrafikurban-pr.com%2F2022%2Frreth-nesh%2Forganogrami%2F&#8221; el_class=&#8221;menubutton&#8221;][vc_btn title=&#8221;Komisioni komunal i aksionar\u00ebve&#8221; size=&#8221;lg&#8221; align=&#8221;left&#8221; i_icon_fontawesome=&#8221;fas fa-angle-right&#8221; button_block=&#8221;true&#8221; add_icon=&#8221;true&#8221; link=&#8221;url:https%3A%2F%2Ftrafikurban-pr.com%2F2022%2Frreth-nesh%2Fkomisioni-komunal-i-aksionareve%2F|title:Komisioni%20komunal%20i%20aksionar%C3%ABve&#8221; el_class=&#8221;menubutton&#8221;][vc_btn title=&#8221;Bordi Udh\u00ebheq\u00ebs&#8221; size=&#8221;lg&#8221; align=&#8221;left&#8221; i_icon_fontawesome=&#8221;fas fa-angle-right&#8221; button_block=&#8221;true&#8221; add_icon=&#8221;true&#8221; link=&#8221;url:https%3A%2F%2Ftrafikurban-pr.com%2F2022%2Frreth-nesh%2Fbordi-udheheqes%2F|title:Bordi%20Udh%C3%ABheq%C3%ABs&#8221; el_class=&#8221;menubutton&#8221;][vc_btn title=&#8221;Kryeshefi Ekzekutiv&#8221; size=&#8221;lg&#8221; align=&#8221;left&#8221; i_icon_fontawesome=&#8221;fas fa-angle-right&#8221; button_block=&#8221;true&#8221; add_icon=&#8221;true&#8221; link=&#8221;url:https%3A%2F%2Ftrafikurban-pr.com%2F2022%2Frreth-nesh%2Fkryeshefi-ekzekutiv%2F|title:Kryeshefi%20Ekzekutiv&#8221; el_class=&#8221;menubutton&#8221;][vc_btn title=&#8221;Menaxhmenti&#8221; size=&#8221;lg&#8221; align=&#8221;left&#8221; i_icon_fontawesome=&#8221;fas fa-angle-right&#8221; button_block=&#8221;true&#8221; add_icon=&#8221;true&#8221; link=&#8221;url:https%3A%2F%2Ftrafikurban-pr.com%2F2022%2Frreth-nesh%2Fmenaxhmenti%2F|title:Kryeshefi%20Ekzekutiv&#8221; el_class=&#8221;menubutton&#8221;][vc_btn title=&#8221;Rregullore&#8221; size=&#8221;lg&#8221; align=&#8221;left&#8221; i_icon_fontawesome=&#8221;fas fa-angle-right&#8221; button_block=&#8221;true&#8221; add_icon=&#8221;true&#8221; link=&#8221;url:https%3A%2F%2Ftrafikurban-pr.com%2F2022%2Frregullore%2F|title:Raporte&#8221; el_class=&#8221;menubutton&#8221;][vc_btn title=&#8221;Raporte&#8221; size=&#8221;lg&#8221; align=&#8221;left&#8221; i_icon_fontawesome=&#8221;fas fa-angle-right&#8221; button_block=&#8221;true&#8221; add_icon=&#8221;true&#8221; link=&#8221;url:https%3A%2F%2Ftrafikurban-pr.com%2F2022%2Frreth-nesh%2Fraporte%2F|title:Raporte&#8221; el_class=&#8221;menubutton&#8221;][\/vc_column][vc_column width=&#8221;2\/3&#8243; css=&#8221;.vc_custom_1645927436510{margin-bottom: 30px !important;padding-right: 20px !important;padding-left: 0px !important;}&#8221; offset=&#8221;vc_col-lg-9 vc_col-md-12 vc_col-xs-12&#8243; css_tablet_landscape=&#8221;.vc_custom_1645927436510{padding-right: 15px !important;}&#8221; css_tablet_portrait=&#8221;.vc_custom_1645927436510{padding-right: 0px !important;}&#8221; css_mobile=&#8221;.vc_custom_1645927436511{padding-right: 0px !important;}&#8221;][vc_single_image image=&#8221;11673&#8243;][vc_column_text]<\/p>\n<h5><strong>Njomza Ismajli &#8211; <\/strong>An\u00ebtare e Bordit t\u00eb Drejtor\u00ebve<\/h5>\n<p>Njomza Hoxha Ismaili \u00ebsht\u00eb eksperte me mbi 18 vite p\u00ebrvoj\u00eb n\u00eb sektorin financiar dhe te sigurimeve, me theks t\u00eb ve\u00e7ant\u00eb n\u00eb menaxhimin e riskut, planifikimin financiar dhe menaxhimin e aseteve. Aktualisht, ajo mban pozit\u00ebn e Zyrtares s\u00eb Lart\u00eb t\u00eb Riskut-CRO n\u00eb nj\u00eb kompani t\u00eb sigurimeve. Njomza ka sh\u00ebrbyer af\u00ebr nj\u00eb dekad\u00eb si Udh\u00ebheq\u00ebse e Departamentit t\u00eb Thesarit n\u00eb sektorin bankar, ku ka qen\u00eb p\u00ebrgjegj\u00ebse p\u00ebr menaxhimin e likuiditetit, investimeve dhe raportimit financiare. Gjat\u00eb k\u00ebsaj kohe, ajo ka luajtur rol ky\u00e7 n\u00eb vendimmarrje strategjike dhe n\u00eb hartimin e planeve afatgjata t\u00eb q\u00ebndrueshm\u00ebris\u00eb financiare.<\/p>\n<p>&nbsp;<\/p>\n<p>Ajo \u00ebsht\u00eb em\u00ebruar si An\u00ebtare e Bordit t\u00eb Drejtor\u00ebve t\u00eb Trafikut Urban t\u00eb Prishtin\u00ebs, ku kontribuon me p\u00ebrvoj\u00ebn e saj p\u00ebr p\u00ebrmir\u00ebsimin e sh\u00ebrbimeve dhe zhvillimin strategjik t\u00eb nd\u00ebrmarrjes.<\/p>\n<p>&nbsp;<\/p>\n<p>Njomza ka studiuar n\u00eb fush\u00ebn e ekonomis\u00eb n\u00eb Universitetin e Prishtin\u00ebs dhe \u00ebsht\u00eb gjithashtu e njohur p\u00ebr angazhimin e saj n\u00eb \u00e7\u00ebshtje t\u00eb etik\u00ebs profesionale, qeverisjes s\u00eb mir\u00eb dhe integritetit institucional.[\/vc_column_text][\/vc_column][\/vc_row]<\/p>\n","protected":false},"excerpt":{"rendered":"<p>[vc_row kd_background_image_position=&#8221;vc_row-bg-position-top&#8221; css=&#8221;.vc_custom_1598622859521{margin-top: 100px !important;}&#8221;][vc_column width=&#8221;1\/3&#8243; offset=&#8221;vc_col-lg-3 vc_col-md-12 vc_col-xs-12&#8243;][vc_btn title=&#8221;Rreth nesh&#8221; size=&#8221;lg&#8221; align=&#8221;left&#8221; i_icon_fontawesome=&#8221;fas fa-angle-right&#8221; button_block=&#8221;true&#8221; add_icon=&#8221;true&#8221; link=&#8221;url:https%3A%2F%2Ftrafikurban-pr.com%2F2022%2Frreth-nesh%2F|title:Rreth%20nesh&#8221; el_class=&#8221;menubutton&#8221;][vc_btn title=&#8221;Organogrami&#8221; [&hellip;]<\/p>\n","protected":false},"author":4,"featured_media":0,"parent":9650,"menu_order":0,"comment_status":"closed","ping_status":"closed","template":"","meta":{"footnotes":""},"class_list":["post-11614","page","type-page","status-publish","hentry"],"_links":{"self":[{"href":"https:\/\/trafikurban-pr.com\/2022\/wp-json\/wp\/v2\/pages\/11614","targetHints":{"allow":["GET"]}}],"collection":[{"href":"https:\/\/trafikurban-pr.com\/2022\/wp-json\/wp\/v2\/pages"}],"about":[{"href":"https:\/\/trafikurban-pr.com\/2022\/wp-json\/wp\/v2\/types\/page"}],"author":[{"embeddable":true,"href":"https:\/\/trafikurban-pr.com\/2022\/wp-json\/wp\/v2\/users\/4"}],"replies":[{"embeddable":true,"href":"https:\/\/trafikurban-pr.com\/2022\/wp-json\/wp\/v2\/comments?post=11614"}],"version-history":[{"count":5,"href":"https:\/\/trafikurban-pr.com\/2022\/wp-json\/wp\/v2\/pages\/11614\/revisions"}],"predecessor-version":[{"id":11678,"href":"https:\/\/trafikurban-pr.com\/2022\/wp-json\/wp\/v2\/pages\/11614\/revisions\/11678"}],"up":[{"embeddable":true,"href":"https:\/\/trafikurban-pr.com\/2022\/wp-json\/wp\/v2\/pages\/9650"}],"wp:attachment":[{"href":"https:\/\/trafikurban-pr.com\/2022\/wp-json\/wp\/v2\/media?parent=11614"}],"curies":[{"name":"wp","href":"https:\/\/api.w.org\/{rel}","templated":true}]}}