


















{"id":11612,"date":"2025-04-12T11:23:02","date_gmt":"2025-04-12T10:23:02","guid":{"rendered":"https:\/\/trafikurban-pr.com\/2022\/?page_id=11612"},"modified":"2025-05-13T14:46:37","modified_gmt":"2025-05-13T13:46:37","slug":"sami-miftari","status":"publish","type":"page","link":"https:\/\/trafikurban-pr.com\/2022\/rreth-nesh\/bordi-udheheqes\/sami-miftari\/","title":{"rendered":"Sami Miftari"},"content":{"rendered":"<p>[vc_row kd_background_image_position=&#8221;vc_row-bg-position-top&#8221; css=&#8221;.vc_custom_1598622859521{margin-top: 100px !important;}&#8221;][vc_column width=&#8221;1\/3&#8243; offset=&#8221;vc_col-lg-3 vc_col-md-12 vc_col-xs-12&#8243;][vc_btn title=&#8221;Rreth nesh&#8221; size=&#8221;lg&#8221; align=&#8221;left&#8221; i_icon_fontawesome=&#8221;fas fa-angle-right&#8221; button_block=&#8221;true&#8221; add_icon=&#8221;true&#8221; link=&#8221;url:https%3A%2F%2Ftrafikurban-pr.com%2F2022%2Frreth-nesh%2F|title:Rreth%20nesh&#8221; el_class=&#8221;menubutton&#8221;][vc_btn title=&#8221;Organogrami&#8221; size=&#8221;lg&#8221; align=&#8221;left&#8221; i_icon_fontawesome=&#8221;fas fa-angle-right&#8221; button_block=&#8221;true&#8221; add_icon=&#8221;true&#8221; link=&#8221;url:https%3A%2F%2Ftrafikurban-pr.com%2F2022%2Frreth-nesh%2Forganogrami%2F&#8221; el_class=&#8221;menubutton&#8221;][vc_btn title=&#8221;Komisioni komunal i aksionar\u00ebve&#8221; size=&#8221;lg&#8221; align=&#8221;left&#8221; i_icon_fontawesome=&#8221;fas fa-angle-right&#8221; button_block=&#8221;true&#8221; add_icon=&#8221;true&#8221; link=&#8221;url:https%3A%2F%2Ftrafikurban-pr.com%2F2022%2Frreth-nesh%2Fkomisioni-komunal-i-aksionareve%2F|title:Komisioni%20komunal%20i%20aksionar%C3%ABve&#8221; el_class=&#8221;menubutton&#8221;][vc_btn title=&#8221;Bordi Udh\u00ebheq\u00ebs&#8221; size=&#8221;lg&#8221; align=&#8221;left&#8221; i_icon_fontawesome=&#8221;fas fa-angle-right&#8221; button_block=&#8221;true&#8221; add_icon=&#8221;true&#8221; link=&#8221;url:https%3A%2F%2Ftrafikurban-pr.com%2F2022%2Frreth-nesh%2Fbordi-udheheqes%2F|title:Bordi%20Udh%C3%ABheq%C3%ABs&#8221; el_class=&#8221;menubutton&#8221;][vc_btn title=&#8221;Kryeshefi Ekzekutiv&#8221; size=&#8221;lg&#8221; align=&#8221;left&#8221; i_icon_fontawesome=&#8221;fas fa-angle-right&#8221; button_block=&#8221;true&#8221; add_icon=&#8221;true&#8221; link=&#8221;url:https%3A%2F%2Ftrafikurban-pr.com%2F2022%2Frreth-nesh%2Fkryeshefi-ekzekutiv%2F|title:Kryeshefi%20Ekzekutiv&#8221; el_class=&#8221;menubutton&#8221;][vc_btn title=&#8221;Menaxhmenti&#8221; size=&#8221;lg&#8221; align=&#8221;left&#8221; i_icon_fontawesome=&#8221;fas fa-angle-right&#8221; button_block=&#8221;true&#8221; add_icon=&#8221;true&#8221; link=&#8221;url:https%3A%2F%2Ftrafikurban-pr.com%2F2022%2Frreth-nesh%2Fmenaxhmenti%2F|title:Kryeshefi%20Ekzekutiv&#8221; el_class=&#8221;menubutton&#8221;][vc_btn title=&#8221;Rregullore&#8221; size=&#8221;lg&#8221; align=&#8221;left&#8221; i_icon_fontawesome=&#8221;fas fa-angle-right&#8221; button_block=&#8221;true&#8221; add_icon=&#8221;true&#8221; link=&#8221;url:https%3A%2F%2Ftrafikurban-pr.com%2F2022%2Frregullore%2F|title:Raporte&#8221; el_class=&#8221;menubutton&#8221;][vc_btn title=&#8221;Raporte&#8221; size=&#8221;lg&#8221; align=&#8221;left&#8221; i_icon_fontawesome=&#8221;fas fa-angle-right&#8221; button_block=&#8221;true&#8221; add_icon=&#8221;true&#8221; link=&#8221;url:https%3A%2F%2Ftrafikurban-pr.com%2F2022%2Frreth-nesh%2Fraporte%2F|title:Raporte&#8221; el_class=&#8221;menubutton&#8221;][\/vc_column][vc_column width=&#8221;2\/3&#8243; css=&#8221;.vc_custom_1645927436510{margin-bottom: 30px !important;padding-right: 20px !important;padding-left: 0px !important;}&#8221; offset=&#8221;vc_col-lg-9 vc_col-md-12 vc_col-xs-12&#8243; css_tablet_landscape=&#8221;.vc_custom_1645927436510{padding-right: 15px !important;}&#8221; css_tablet_portrait=&#8221;.vc_custom_1645927436510{padding-right: 0px !important;}&#8221; css_mobile=&#8221;.vc_custom_1645927436511{padding-right: 0px !important;}&#8221;][vc_single_image][vc_column_text]<\/p>\n<h5><strong>Sami Miftari &#8211; <\/strong>An\u00ebtar i Bordit t\u00eb Drejtor\u00ebve<\/h5>\n<p>&nbsp;<\/p>\n<p>Arsimimi dhe trajnimet:<br \/>\nShkolla Fillore e Mesme e Ul\u00ebt: \u201cV\u00ebllez\u00ebrit Frash\u00ebri\u201d Sk\u00ebnderaj- Qubrel &#8211; 1973\/1981<br \/>\nShkolla e Mesme e Lart\u00eb: \u201cAnton Qeta\u201d Sk\u00ebnderaj 1981\/1985<br \/>\nArsimimi universitar: Fakulteti filozofik 1986\/1990 ,<br \/>\nMaster i shkencave politike 2008\/2009 Universiteti I Prishtin\u00ebs<\/p>\n<p>Trajnime profesionale dhe certifikata t\u00eb ndryshme.<br \/>\nPervojat e pun\u00ebs<br \/>\nPozita -Zv.Menaxher n\u00eb Kompanin\u00eb p\u00ebr menaxhimin e mbeturinave \u201c UNITETI\u201d Sk\u00ebnderaj 2004\/2009<br \/>\nPozita-Zv.Kryeshef ekzekutiv n\u00eb KRU-Mitrovica 2009\/2013<br \/>\nPozita-Kryeshef ekzekutiv n\u00eb KRU-Mitrovica 2013\/2021<br \/>\nPozita- An\u00ebtar bordi n\u00eb SHUKOS 2013\/2021<\/p>\n<p>Gjuha am\u00ebtare: Shqip<br \/>\nGjuh\u00eb t\u00eb tjera:(Kuptim,lexim,shkrim)<br \/>\nGjuh\u00eb Serbo-Kroate shk\u00eblqyeshem<br \/>\nGjuh\u00eb Gjermane shk\u00eblqyeshem<br \/>\nGjuh\u00eb Angleze pjes\u00ebrisht<\/p>\n<p>Njohja kompjuterike:<br \/>\nNjohja e sistemeve operative Windows,<br \/>\nPaketa e programeve Microsoft office<\/p>\n<p>Tjet\u00ebr: Aft\u00ebsi komunikuese, menaxheriale, teknologjike dhe aft\u00ebsi bashk\u00ebpunese me stafin n\u00eb t\u00eb mir\u00ebn e nd\u00ebrmarrjes.<br \/>\nOfron vizion p\u00ebr t\u00eb ardhmen, mb\u00ebshtet t\u00eb tjer\u00ebt dhe motivon, gjithashtu ndihmon p\u00ebr realizimin e q\u00ebllimeve.<\/p>\n<p>&nbsp;<\/p>\n<p>Adresa: Sk\u00ebnderaj, D\u00ebshmor\u00ebt e Kombit<\/p>\n<p>Tel: 049-203-010 \/ 045-201-060<\/p>\n<p>E-mail: miftari.sami@hotmail.com[\/vc_column_text][\/vc_column][\/vc_row]<\/p>\n","protected":false},"excerpt":{"rendered":"<p>[vc_row kd_background_image_position=&#8221;vc_row-bg-position-top&#8221; css=&#8221;.vc_custom_1598622859521{margin-top: 100px !important;}&#8221;][vc_column width=&#8221;1\/3&#8243; offset=&#8221;vc_col-lg-3 vc_col-md-12 vc_col-xs-12&#8243;][vc_btn title=&#8221;Rreth nesh&#8221; size=&#8221;lg&#8221; align=&#8221;left&#8221; i_icon_fontawesome=&#8221;fas fa-angle-right&#8221; button_block=&#8221;true&#8221; add_icon=&#8221;true&#8221; link=&#8221;url:https%3A%2F%2Ftrafikurban-pr.com%2F2022%2Frreth-nesh%2F|title:Rreth%20nesh&#8221; el_class=&#8221;menubutton&#8221;][vc_btn title=&#8221;Organogrami&#8221; [&hellip;]<\/p>\n","protected":false},"author":4,"featured_media":0,"parent":9650,"menu_order":0,"comment_status":"closed","ping_status":"closed","template":"","meta":{"footnotes":""},"class_list":["post-11612","page","type-page","status-publish","hentry"],"_links":{"self":[{"href":"https:\/\/trafikurban-pr.com\/2022\/wp-json\/wp\/v2\/pages\/11612","targetHints":{"allow":["GET"]}}],"collection":[{"href":"https:\/\/trafikurban-pr.com\/2022\/wp-json\/wp\/v2\/pages"}],"about":[{"href":"https:\/\/trafikurban-pr.com\/2022\/wp-json\/wp\/v2\/types\/page"}],"author":[{"embeddable":true,"href":"https:\/\/trafikurban-pr.com\/2022\/wp-json\/wp\/v2\/users\/4"}],"replies":[{"embeddable":true,"href":"https:\/\/trafikurban-pr.com\/2022\/wp-json\/wp\/v2\/comments?post=11612"}],"version-history":[{"count":7,"href":"https:\/\/trafikurban-pr.com\/2022\/wp-json\/wp\/v2\/pages\/11612\/revisions"}],"predecessor-version":[{"id":11688,"href":"https:\/\/trafikurban-pr.com\/2022\/wp-json\/wp\/v2\/pages\/11612\/revisions\/11688"}],"up":[{"embeddable":true,"href":"https:\/\/trafikurban-pr.com\/2022\/wp-json\/wp\/v2\/pages\/9650"}],"wp:attachment":[{"href":"https:\/\/trafikurban-pr.com\/2022\/wp-json\/wp\/v2\/media?parent=11612"}],"curies":[{"name":"wp","href":"https:\/\/api.w.org\/{rel}","templated":true}]}}