


















{"id":10007,"date":"2022-05-21T22:59:39","date_gmt":"2022-05-21T21:59:39","guid":{"rendered":"https:\/\/trafikurban-pr.com\/2022\/?page_id=10007"},"modified":"2022-12-29T21:08:19","modified_gmt":"2022-12-29T20:08:19","slug":"njoftim-per-anulim","status":"publish","type":"page","link":"https:\/\/trafikurban-pr.com\/2022\/njoftim-per-kontrate\/njoftim-per-anulim\/","title":{"rendered":"Njoftim p\u00ebr anulim"},"content":{"rendered":"<p>[vc_row kd_background_image_position=&#8221;vc_row-bg-position-top&#8221; css=&#8221;.vc_custom_1598622859521{margin-top: 100px !important;}&#8221;][vc_column width=&#8221;1\/3&#8243; offset=&#8221;vc_col-lg-3 vc_col-md-12 vc_col-xs-12&#8243;][vc_btn title=&#8221;Departamenit i prokurimit&#8221; size=&#8221;lg&#8221; align=&#8221;left&#8221; i_icon_fontawesome=&#8221;fas fa-angle-right&#8221; button_block=&#8221;true&#8221; add_icon=&#8221;true&#8221; link=&#8221;url:https%3A%2F%2Ftrafikurban-pr.com%2F2022%2Fdepartamenti-i-prokurimit%2F|title:Departamenti%20i%20Prokurimit&#8221; el_class=&#8221;menubutton&#8221;][vc_btn title=&#8221;Njoftim p\u00ebr kontrat\u00eb&#8221; size=&#8221;lg&#8221; align=&#8221;left&#8221; i_icon_fontawesome=&#8221;fas fa-angle-right&#8221; button_block=&#8221;true&#8221; add_icon=&#8221;true&#8221; link=&#8221;url:https%3A%2F%2Ftrafikurban-pr.com%2F2022%2Fnjoftim-per-kontrate%2F|title:Njoftim%20p%C3%ABr%20kontrat%C3%AB&#8221; el_class=&#8221;menubutton&#8221;][vc_btn title=&#8221;Njoftim p\u00ebr dh\u00ebnien e kontrat\u00ebs&#8221; size=&#8221;lg&#8221; align=&#8221;left&#8221; i_icon_fontawesome=&#8221;fas fa-angle-right&#8221; button_block=&#8221;true&#8221; add_icon=&#8221;true&#8221; link=&#8221;url:https%3A%2F%2Ftrafikurban-pr.com%2F2022%2Fnjoftim-per-kontrate%2Fnjoftim-per-dhenien-e-kontrates%2F|title:Njoftim%20p%C3%ABr%20dh%C3%ABnien%20e%20kontrat%C3%ABs&#8221; el_class=&#8221;menubutton&#8221;][vc_btn title=&#8221;Njoftim p\u00ebr n\u00ebnshkrimin e kontrat\u00ebs&#8221; size=&#8221;lg&#8221; align=&#8221;left&#8221; i_icon_fontawesome=&#8221;fas fa-angle-right&#8221; button_block=&#8221;true&#8221; add_icon=&#8221;true&#8221; link=&#8221;url:https%3A%2F%2Ftrafikurban-pr.com%2F2022%2Fnjoftim-per-kontrate%2Fnjoftim-per-nenshkrimin-e-kontrates%2F|title:Njoftim%20p%C3%ABr%20n%C3%ABnshkrimin%20e%20kontrat%C3%ABs&#8221; el_class=&#8221;menubutton&#8221;][vc_btn title=&#8221;Njoftim p\u00ebr anulim&#8221; size=&#8221;lg&#8221; align=&#8221;left&#8221; i_icon_fontawesome=&#8221;fas fa-angle-right&#8221; button_block=&#8221;true&#8221; add_icon=&#8221;true&#8221; link=&#8221;url:https%3A%2F%2Ftrafikurban-pr.com%2F2022%2Fnjoftim-per-kontrate%2Fnjoftim-per-anulim%2F|title:Njoftim%20p%C3%ABr%20anulim&#8221; el_class=&#8221;menubutton&#8221;][vc_btn title=&#8221;Kontratat e n\u00ebnshkruara&#8221; size=&#8221;lg&#8221; align=&#8221;left&#8221; i_icon_fontawesome=&#8221;fas fa-angle-right&#8221; button_block=&#8221;true&#8221; add_icon=&#8221;true&#8221; link=&#8221;url:https%3A%2F%2Ftrafikurban-pr.com%2F2022%2Fnjoftim-per-kontrate%2Fkontratat-e-nenshkruara%2F|title:Kontratat%20e%20n%C3%ABnshkruara&#8221; el_class=&#8221;menubutton&#8221;][vc_btn title=&#8221;Planet dhe raportet e prokurimit&#8221; size=&#8221;lg&#8221; align=&#8221;left&#8221; i_icon_fontawesome=&#8221;fas fa-angle-right&#8221; button_block=&#8221;true&#8221; add_icon=&#8221;true&#8221; link=&#8221;url:https%3A%2F%2Ftrafikurban-pr.com%2F2022%2Fnjoftim-per-kontrate%2Fplanet-dhe-raportet-e-prokurimit%2F|title:Planet%20dhe%20raportet%20e%20prokurimit&#8221; el_class=&#8221;menubutton&#8221;][\/vc_column][vc_column width=&#8221;2\/3&#8243; css=&#8221;.vc_custom_1645927436510{margin-bottom: 30px !important;padding-right: 20px !important;padding-left: 0px !important;}&#8221; offset=&#8221;vc_col-lg-9 vc_col-md-12 vc_col-xs-12&#8243; css_tablet_landscape=&#8221;.vc_custom_1645927436510{padding-right: 15px !important;}&#8221; css_tablet_portrait=&#8221;.vc_custom_1645927436510{padding-right: 0px !important;}&#8221; css_mobile=&#8221;.vc_custom_1645927436511{padding-right: 0px !important;}&#8221;][vc_row_inner content_placement=&#8221;middle&#8221; kd_background_image_position=&#8221;vc_row-bg-position-top&#8221; css=&#8221;.vc_custom_1653171787515{padding-top: 15px !important;}&#8221;][vc_column_inner][vc_column_text]eProkurimi: <a href=\"https:\/\/e-prokurimi.rks-gov.net\/HOME\/ClanakItemNew.aspx?id=327\" target=\"_blank\" rel=\"noopener\">https:\/\/e-prokurimi.rks-gov.net\/HOME\/ClanakItemNew.aspx?id=327<\/a>[\/vc_column_text][\/vc_column_inner][\/vc_row_inner][vc_row_inner content_placement=&#8221;middle&#8221; disable_element=&#8221;yes&#8221; kd_background_image_position=&#8221;vc_row-bg-position-top&#8221; css=&#8221;.vc_custom_1672344493331{padding-top: 15px !important;}&#8221;][vc_column_inner][vc_column_text][ptb type=&#8221;prokurimi&#8221; orderby=&#8221;date&#8221; order=&#8221;desc&#8221; masonry=&#8221;0&#8243; offset=&#8221;0&#8243; posts_per_page=&#8221;100&#8243; style=&#8221;list-post&#8221; logic=&#8221;or&#8221; ptb_tax_portfolio-category=&#8221;njoftim-per-anulim&#8221;][\/vc_column_text][\/vc_column_inner][\/vc_row_inner][\/vc_column][\/vc_row]<\/p>\n","protected":false},"excerpt":{"rendered":"<p>[vc_row kd_background_image_position=&#8221;vc_row-bg-position-top&#8221; css=&#8221;.vc_custom_1598622859521{margin-top: 100px !important;}&#8221;][vc_column width=&#8221;1\/3&#8243; offset=&#8221;vc_col-lg-3 vc_col-md-12 vc_col-xs-12&#8243;][vc_btn title=&#8221;Departamenit i prokurimit&#8221; size=&#8221;lg&#8221; align=&#8221;left&#8221; i_icon_fontawesome=&#8221;fas fa-angle-right&#8221; button_block=&#8221;true&#8221; add_icon=&#8221;true&#8221; link=&#8221;url:https%3A%2F%2Ftrafikurban-pr.com%2F2022%2Fdepartamenti-i-prokurimit%2F|title:Departamenti%20i%20Prokurimit&#8221; el_class=&#8221;menubutton&#8221;][vc_btn [&hellip;]<\/p>\n","protected":false},"author":1,"featured_media":0,"parent":9896,"menu_order":0,"comment_status":"closed","ping_status":"closed","template":"","meta":{"footnotes":""},"class_list":["post-10007","page","type-page","status-publish","hentry"],"_links":{"self":[{"href":"https:\/\/trafikurban-pr.com\/2022\/wp-json\/wp\/v2\/pages\/10007","targetHints":{"allow":["GET"]}}],"collection":[{"href":"https:\/\/trafikurban-pr.com\/2022\/wp-json\/wp\/v2\/pages"}],"about":[{"href":"https:\/\/trafikurban-pr.com\/2022\/wp-json\/wp\/v2\/types\/page"}],"author":[{"embeddable":true,"href":"https:\/\/trafikurban-pr.com\/2022\/wp-json\/wp\/v2\/users\/1"}],"replies":[{"embeddable":true,"href":"https:\/\/trafikurban-pr.com\/2022\/wp-json\/wp\/v2\/comments?post=10007"}],"version-history":[{"count":7,"href":"https:\/\/trafikurban-pr.com\/2022\/wp-json\/wp\/v2\/pages\/10007\/revisions"}],"predecessor-version":[{"id":10531,"href":"https:\/\/trafikurban-pr.com\/2022\/wp-json\/wp\/v2\/pages\/10007\/revisions\/10531"}],"up":[{"embeddable":true,"href":"https:\/\/trafikurban-pr.com\/2022\/wp-json\/wp\/v2\/pages\/9896"}],"wp:attachment":[{"href":"https:\/\/trafikurban-pr.com\/2022\/wp-json\/wp\/v2\/media?parent=10007"}],"curies":[{"name":"wp","href":"https:\/\/api.w.org\/{rel}","templated":true}]}}